{"id":2,"date":"2024-04-11T09:12:05","date_gmt":"2024-04-11T09:12:05","guid":{"rendered":"https:\/\/reformasjumie.rkinformatika.online\/?page_id=2"},"modified":"2024-04-12T15:42:50","modified_gmt":"2024-04-12T15:42:50","slug":"inicio","status":"publish","type":"page","link":"https:\/\/reformasjumie.com\/eus\/","title":{"rendered":"Hasiera"},"content":{"rendered":"<div data-elementor-type=\"wp-page\" data-elementor-id=\"2\" class=\"elementor elementor-2\" data-elementor-post-type=\"page\">\n\t\t\t\t\t\t<section class=\"elementor-section elementor-top-section elementor-element elementor-element-1f2e4043 elementor-reverse-tablet elementor-reverse-mobile elementor-section-boxed elementor-section-height-default elementor-section-height-default\" data-id=\"1f2e4043\" data-element_type=\"section\" data-e-type=\"section\" data-settings=\"{&quot;background_background&quot;:&quot;classic&quot;}\">\n\t\t\t\t\t\t\t<div class=\"elementor-background-overlay\"><\/div>\n\t\t\t\t\t\t\t<div class=\"elementor-container elementor-column-gap-default\">\n\t\t\t\t\t<div class=\"elementor-column elementor-col-100 elementor-top-column elementor-element elementor-element-255cf5f\" data-id=\"255cf5f\" data-element_type=\"column\" data-e-type=\"column\">\n\t\t\t<div class=\"elementor-widget-wrap elementor-element-populated\">\n\t\t\t\t\t\t<div class=\"elementor-element elementor-element-4283e449 elementor-invisible elementor-widget elementor-widget-heading\" data-id=\"4283e449\" data-element_type=\"widget\" data-e-type=\"widget\" data-settings=\"{&quot;_animation&quot;:&quot;fadeInUp&quot;}\" data-widget_type=\"heading.default\">\n\t\t\t\t<div class=\"elementor-widget-container\">\n\t\t\t\t\t<h1 class=\"elementor-heading-title elementor-size-default\">Zure etxea eraldatuz, sukaldetik komunetara eta haratago: Gure lana, zure lasaitasuna<\/h1>\t\t\t\t<\/div>\n\t\t\t\t<\/div>\n\t\t\t\t\t<\/div>\n\t\t<\/div>\n\t\t\t\t\t<\/div>\n\t\t<\/section>\n\t\t\t\t<section class=\"elementor-section elementor-top-section elementor-element elementor-element-65bb4a28 elementor-section-boxed elementor-section-height-default elementor-section-height-default\" data-id=\"65bb4a28\" data-element_type=\"section\" data-e-type=\"section\" data-settings=\"{&quot;background_background&quot;:&quot;classic&quot;}\">\n\t\t\t\t\t\t\t<div class=\"elementor-background-overlay\"><\/div>\n\t\t\t\t\t\t\t<div class=\"elementor-container elementor-column-gap-default\">\n\t\t\t\t\t<div class=\"elementor-column elementor-col-50 elementor-top-column elementor-element elementor-element-5ef9d00 elementor-invisible\" data-id=\"5ef9d00\" data-element_type=\"column\" data-e-type=\"column\" data-settings=\"{&quot;animation&quot;:&quot;fadeInLeft&quot;}\">\n\t\t\t<div class=\"elementor-widget-wrap elementor-element-populated\">\n\t\t\t\t\t\t<div class=\"elementor-element elementor-element-4774e3d5 elementor-widget elementor-widget-heading\" data-id=\"4774e3d5\" data-element_type=\"widget\" data-e-type=\"widget\" data-widget_type=\"heading.default\">\n\t\t\t\t<div class=\"elementor-widget-container\">\n\t\t\t\t\t<h6 class=\"elementor-heading-title elementor-size-default\">Guri buruz<\/h6>\t\t\t\t<\/div>\n\t\t\t\t<\/div>\n\t\t\t\t<div class=\"elementor-element elementor-element-4fb926cb elementor-widget elementor-widget-text-editor\" data-id=\"4fb926cb\" data-element_type=\"widget\" data-e-type=\"widget\" data-widget_type=\"text-editor.default\">\n\t\t\t\t<div class=\"elementor-widget-container\">\n\t\t\t\t\t\t\t\t\t<p>28 urte daramatzagu merkatuan pisuen barnealdeak eraberritzen, eta liderrak gara bezeroekiko dugun ardurari eta konpromisoari esker. Zerbitzu pertsonalizatuak eta sortzaileak eskaintzen ditugu, behar guztiak asetzeko. Gure aditu-taldeak modu profesionalean, eraginkorrean eta beti garaiz egiten du lan. Jarri gurekin harremanetan zure ideiak errealitate bihurtzeko eta zure espazioa gustura hartuko duzun zerbait bihurtzeko. Lortu emaitza bikainak gure konpromisoarekin eta esperientziarekin.<\/p>\t\t\t\t\t\t\t\t<\/div>\n\t\t\t\t<\/div>\n\t\t\t\t\t<\/div>\n\t\t<\/div>\n\t\t\t\t<div class=\"elementor-column elementor-col-50 elementor-top-column elementor-element elementor-element-620b985e\" data-id=\"620b985e\" data-element_type=\"column\" data-e-type=\"column\">\n\t\t\t<div class=\"elementor-widget-wrap elementor-element-populated\">\n\t\t\t\t\t\t<div class=\"elementor-element elementor-element-14467ae9 elementor-invisible elementor-widget elementor-widget-image\" data-id=\"14467ae9\" data-element_type=\"widget\" data-e-type=\"widget\" data-settings=\"{&quot;_animation&quot;:&quot;fadeInRight&quot;}\" data-widget_type=\"image.default\">\n\t\t\t\t<div class=\"elementor-widget-container\">\n\t\t\t\t\t\t\t\t\t\t\t\t\t\t\t<img fetchpriority=\"high\" decoding=\"async\" width=\"2000\" height=\"1333\" src=\"https:\/\/reformasjumie.com\/wp-content\/uploads\/2024\/04\/new-kitchen-renovation-process.jpg\" class=\"attachment-full size-full wp-image-306\" alt=\"New Kitchen Renovation Process\" srcset=\"https:\/\/reformasjumie.com\/wp-content\/uploads\/2024\/04\/new-kitchen-renovation-process.jpg 2000w, https:\/\/reformasjumie.com\/wp-content\/uploads\/2024\/04\/new-kitchen-renovation-process-300x200.jpg 300w, https:\/\/reformasjumie.com\/wp-content\/uploads\/2024\/04\/new-kitchen-renovation-process-1024x682.jpg 1024w, https:\/\/reformasjumie.com\/wp-content\/uploads\/2024\/04\/new-kitchen-renovation-process-768x512.jpg 768w, https:\/\/reformasjumie.com\/wp-content\/uploads\/2024\/04\/new-kitchen-renovation-process-1536x1024.jpg 1536w, https:\/\/reformasjumie.com\/wp-content\/uploads\/2024\/04\/new-kitchen-renovation-process-18x12.jpg 18w, https:\/\/reformasjumie.com\/wp-content\/uploads\/2024\/04\/new-kitchen-renovation-process-600x400.jpg 600w\" sizes=\"(max-width: 2000px) 100vw, 2000px\" \/>\t\t\t\t\t\t\t\t\t\t\t\t\t\t\t<\/div>\n\t\t\t\t<\/div>\n\t\t\t\t\t<\/div>\n\t\t<\/div>\n\t\t\t\t\t<\/div>\n\t\t<\/section>\n\t\t\t\t<section class=\"elementor-section elementor-top-section elementor-element elementor-element-11d62940 elementor-section-boxed elementor-section-height-default elementor-section-height-default\" data-id=\"11d62940\" data-element_type=\"section\" data-e-type=\"section\" data-settings=\"{&quot;background_background&quot;:&quot;classic&quot;}\">\n\t\t\t\t\t\t<div class=\"elementor-container elementor-column-gap-default\">\n\t\t\t\t\t<div class=\"elementor-column elementor-col-100 elementor-top-column elementor-element elementor-element-37ef6305\" data-id=\"37ef6305\" data-element_type=\"column\" data-e-type=\"column\" data-settings=\"{&quot;background_background&quot;:&quot;classic&quot;}\">\n\t\t\t<div class=\"elementor-widget-wrap elementor-element-populated\">\n\t\t\t\t\t<div class=\"elementor-background-overlay\"><\/div>\n\t\t\t\t\t\t<section class=\"elementor-section elementor-inner-section elementor-element elementor-element-523e47a0 elementor-section-boxed elementor-section-height-default elementor-section-height-default\" data-id=\"523e47a0\" data-element_type=\"section\" data-e-type=\"section\">\n\t\t\t\t\t\t<div class=\"elementor-container elementor-column-gap-default\">\n\t\t\t\t\t<div class=\"elementor-column elementor-col-100 elementor-inner-column elementor-element elementor-element-217048d0\" data-id=\"217048d0\" data-element_type=\"column\" data-e-type=\"column\" data-settings=\"{&quot;background_background&quot;:&quot;classic&quot;}\">\n\t\t\t<div class=\"elementor-widget-wrap elementor-element-populated\">\n\t\t\t\t\t\t<div class=\"elementor-element elementor-element-3f2015b4 elementor-widget elementor-widget-heading\" data-id=\"3f2015b4\" data-element_type=\"widget\" data-e-type=\"widget\" data-widget_type=\"heading.default\">\n\t\t\t\t<div class=\"elementor-widget-container\">\n\t\t\t\t\t<h6 class=\"elementor-heading-title elementor-size-default\">Zergatik aukeratu gure zerbitzuak?<\/h6>\t\t\t\t<\/div>\n\t\t\t\t<\/div>\n\t\t\t\t<div class=\"elementor-element elementor-element-784a38cc elementor-position-inline-start elementor-mobile-position-inline-start elementor-view-default elementor-widget elementor-widget-icon-box\" data-id=\"784a38cc\" data-element_type=\"widget\" data-e-type=\"widget\" data-widget_type=\"icon-box.default\">\n\t\t\t\t<div class=\"elementor-widget-container\">\n\t\t\t\t\t\t\t<div class=\"elementor-icon-box-wrapper\">\n\n\t\t\t\t\t\t<div class=\"elementor-icon-box-icon\">\n\t\t\t\t<span  class=\"elementor-icon\">\n\t\t\t\t<i aria-hidden=\"true\" class=\"icon icon-diamond1\"><\/i>\t\t\t\t<\/span>\n\t\t\t<\/div>\n\t\t\t\n\t\t\t\t\t\t<div class=\"elementor-icon-box-content\">\n\n\t\t\t\t\t\t\t\t\t<div class=\"elementor-icon-box-title\">\n\t\t\t\t\t\t<span  >\n\t\t\t\t\t\t\tNeurrirako diseinua\t\t\t\t\t\t<\/span>\n\t\t\t\t\t<\/div>\n\t\t\t\t\n\t\t\t\t\t\t\t\t\t<p class=\"elementor-icon-box-description\">\n\t\t\t\t\t\tEspazio bakarrak sortzen ditugu, zure nahien arabera.\t\t\t\t\t<\/p>\n\t\t\t\t\n\t\t\t<\/div>\n\t\t\t\n\t\t<\/div>\n\t\t\t\t\t\t<\/div>\n\t\t\t\t<\/div>\n\t\t\t\t<div class=\"elementor-element elementor-element-547f18ab elementor-position-inline-start elementor-mobile-position-inline-start elementor-view-default elementor-widget elementor-widget-icon-box\" data-id=\"547f18ab\" data-element_type=\"widget\" data-e-type=\"widget\" data-widget_type=\"icon-box.default\">\n\t\t\t\t<div class=\"elementor-widget-container\">\n\t\t\t\t\t\t\t<div class=\"elementor-icon-box-wrapper\">\n\n\t\t\t\t\t\t<div class=\"elementor-icon-box-icon\">\n\t\t\t\t<span  class=\"elementor-icon\">\n\t\t\t\t<i aria-hidden=\"true\" class=\"icon icon-tags\"><\/i>\t\t\t\t<\/span>\n\t\t\t<\/div>\n\t\t\t\n\t\t\t\t\t\t<div class=\"elementor-icon-box-content\">\n\n\t\t\t\t\t\t\t\t\t<div class=\"elementor-icon-box-title\">\n\t\t\t\t\t\t<span  >\n\t\t\t\t\t\t\tProfesionaltasuna bermatuta\t\t\t\t\t\t<\/span>\n\t\t\t\t\t<\/div>\n\t\t\t\t\n\t\t\t\t\t\t\t\t\t<p class=\"elementor-icon-box-description\">\n\t\t\t\t\t\tEsperientzia eta kalitatea proiektu bakoitzean.\t\t\t\t\t<\/p>\n\t\t\t\t\n\t\t\t<\/div>\n\t\t\t\n\t\t<\/div>\n\t\t\t\t\t\t<\/div>\n\t\t\t\t<\/div>\n\t\t\t\t<div class=\"elementor-element elementor-element-50758c4d elementor-position-inline-start elementor-mobile-position-inline-start elementor-view-default elementor-widget elementor-widget-icon-box\" data-id=\"50758c4d\" data-element_type=\"widget\" data-e-type=\"widget\" data-widget_type=\"icon-box.default\">\n\t\t\t\t<div class=\"elementor-widget-container\">\n\t\t\t\t\t\t\t<div class=\"elementor-icon-box-wrapper\">\n\n\t\t\t\t\t\t<div class=\"elementor-icon-box-icon\">\n\t\t\t\t<span  class=\"elementor-icon\">\n\t\t\t\t<i aria-hidden=\"true\" class=\"icon icon-chat\"><\/i>\t\t\t\t<\/span>\n\t\t\t<\/div>\n\t\t\t\n\t\t\t\t\t\t<div class=\"elementor-icon-box-content\">\n\n\t\t\t\t\t\t\t\t\t<div class=\"elementor-icon-box-title\">\n\t\t\t\t\t\t<span  >\n\t\t\t\t\t\t\tGogobetetasun aseguratua\t\t\t\t\t\t<\/span>\n\t\t\t\t\t<\/div>\n\t\t\t\t\n\t\t\t\t\t\t\t\t\t<p class=\"elementor-icon-box-description\">\n\t\t\t\t\t\tZure zorionarekin konprometitzen gara xehetasun guztietan.\t\t\t\t\t<\/p>\n\t\t\t\t\n\t\t\t<\/div>\n\t\t\t\n\t\t<\/div>\n\t\t\t\t\t\t<\/div>\n\t\t\t\t<\/div>\n\t\t\t\t\t<\/div>\n\t\t<\/div>\n\t\t\t\t\t<\/div>\n\t\t<\/section>\n\t\t\t\t\t<\/div>\n\t\t<\/div>\n\t\t\t\t\t<\/div>\n\t\t<\/section>\n\t\t\t\t<section class=\"elementor-section elementor-top-section elementor-element elementor-element-8aad72b elementor-reverse-tablet elementor-reverse-mobile elementor-section-boxed elementor-section-height-default elementor-section-height-default\" data-id=\"8aad72b\" data-element_type=\"section\" data-e-type=\"section\" data-settings=\"{&quot;background_background&quot;:&quot;classic&quot;}\">\n\t\t\t\t\t\t\t<div class=\"elementor-background-overlay\"><\/div>\n\t\t\t\t\t\t\t<div class=\"elementor-container elementor-column-gap-default\">\n\t\t\t\t\t<div class=\"elementor-column elementor-col-100 elementor-top-column elementor-element elementor-element-c85ab4b\" data-id=\"c85ab4b\" data-element_type=\"column\" data-e-type=\"column\">\n\t\t\t<div class=\"elementor-widget-wrap elementor-element-populated\">\n\t\t\t\t\t\t<div class=\"elementor-element elementor-element-4f429a1 elementor-widget__width-inherit elementor-invisible elementor-widget elementor-widget-heading\" data-id=\"4f429a1\" data-element_type=\"widget\" data-e-type=\"widget\" data-settings=\"{&quot;_animation&quot;:&quot;fadeInUp&quot;}\" data-widget_type=\"heading.default\">\n\t\t\t\t<div class=\"elementor-widget-container\">\n\t\t\t\t\t<h1 class=\"elementor-heading-title elementor-size-default\">Zeren zain zaude gurekin harremanetan jartzeko?<\/h1>\t\t\t\t<\/div>\n\t\t\t\t<\/div>\n\t\t\t\t<div class=\"elementor-element elementor-element-fd21db9 elementor-tablet-align-center elementor-align-center elementor-invisible elementor-widget elementor-widget-button\" data-id=\"fd21db9\" data-element_type=\"widget\" data-e-type=\"widget\" data-settings=\"{&quot;_animation&quot;:&quot;fadeInUp&quot;,&quot;_animation_delay&quot;:300}\" data-widget_type=\"button.default\">\n\t\t\t\t<div class=\"elementor-widget-container\">\n\t\t\t\t\t\t\t\t\t<div class=\"elementor-button-wrapper\">\n\t\t\t\t\t<a class=\"elementor-button elementor-button-link elementor-size-md\" href=\"https:\/\/reformasjumie.com\/eus\/contacto\/\">\n\t\t\t\t\t\t<span class=\"elementor-button-content-wrapper\">\n\t\t\t\t\t\t\t\t\t<span class=\"elementor-button-text\">Kontaktatu<\/span>\n\t\t\t\t\t<\/span>\n\t\t\t\t\t<\/a>\n\t\t\t\t<\/div>\n\t\t\t\t\t\t\t\t<\/div>\n\t\t\t\t<\/div>\n\t\t\t\t\t<\/div>\n\t\t<\/div>\n\t\t\t\t\t<\/div>\n\t\t<\/section>\n\t\t\t\t<\/div>","protected":false},"excerpt":{"rendered":"<p>Transformando tu hogar, desde cocinas a ba\u00f1os y m\u00e1s all\u00e1: Nuestro trabajo, tu tranquilidad Sobre nosotros Llevamos 28 a\u00f1os en el mercado reformando interiores de pisos y somos l\u00edderes gracias a nuestra dedicaci\u00f3n y compromiso con los clientes. Ofrecemos servicios personalizados y creativos para satisfacer todas las necesidades. Nuestro equipo de expertos trabaja de manera [&hellip;]<\/p>\n","protected":false},"author":1,"featured_media":0,"parent":0,"menu_order":0,"comment_status":"closed","ping_status":"closed","template":"elementor_canvas","meta":{"footnotes":""},"class_list":["post-2","page","type-page","status-publish","hentry"],"yoast_head":"<!-- This site is optimized with the Yoast SEO plugin v27.3 - https:\/\/yoast.com\/product\/yoast-seo-wordpress\/ -->\n<title>Inicio - J Ni\u00f1o<\/title>\n<meta name=\"robots\" content=\"index, follow, max-snippet:-1, max-image-preview:large, max-video-preview:-1\" \/>\n<link rel=\"canonical\" href=\"https:\/\/reformasjumie.com\/eus\/\" \/>\n<meta property=\"og:locale\" content=\"en_US\" \/>\n<meta property=\"og:type\" content=\"article\" \/>\n<meta property=\"og:title\" content=\"Inicio - J Ni\u00f1o\" \/>\n<meta property=\"og:description\" content=\"Transformando tu hogar, desde cocinas a ba\u00f1os y m\u00e1s all\u00e1: Nuestro trabajo, tu tranquilidad Sobre nosotros Llevamos 28 a\u00f1os en el mercado reformando interiores de pisos y somos l\u00edderes gracias a nuestra dedicaci\u00f3n y compromiso con los clientes. Ofrecemos servicios personalizados y creativos para satisfacer todas las necesidades. Nuestro equipo de expertos trabaja de manera [&hellip;]\" \/>\n<meta property=\"og:url\" content=\"https:\/\/reformasjumie.com\/eus\/\" \/>\n<meta property=\"og:site_name\" content=\"J Ni\u00f1o\" \/>\n<meta property=\"article:modified_time\" content=\"2024-04-12T15:42:50+00:00\" \/>\n<meta property=\"og:image\" content=\"https:\/\/reformasjumie.com\/wp-content\/uploads\/2024\/04\/new-kitchen-renovation-process.jpg\" \/>\n<meta name=\"twitter:card\" content=\"summary_large_image\" \/>\n<meta name=\"twitter:label1\" content=\"Est. reading time\" \/>\n\t<meta name=\"twitter:data1\" content=\"1 minutua\" \/>\n<script type=\"application\/ld+json\" class=\"yoast-schema-graph\">{\"@context\":\"https:\\\/\\\/schema.org\",\"@graph\":[{\"@type\":\"WebPage\",\"@id\":\"https:\\\/\\\/reformasjumie.com\\\/\",\"url\":\"https:\\\/\\\/reformasjumie.com\\\/\",\"name\":\"Inicio - J Ni\u00f1o\",\"isPartOf\":{\"@id\":\"https:\\\/\\\/reformasjumie.com\\\/#website\"},\"primaryImageOfPage\":{\"@id\":\"https:\\\/\\\/reformasjumie.com\\\/#primaryimage\"},\"image\":{\"@id\":\"https:\\\/\\\/reformasjumie.com\\\/#primaryimage\"},\"thumbnailUrl\":\"https:\\\/\\\/reformasjumie.com\\\/wp-content\\\/uploads\\\/2024\\\/04\\\/new-kitchen-renovation-process.jpg\",\"datePublished\":\"2024-04-11T09:12:05+00:00\",\"dateModified\":\"2024-04-12T15:42:50+00:00\",\"breadcrumb\":{\"@id\":\"https:\\\/\\\/reformasjumie.com\\\/#breadcrumb\"},\"inLanguage\":\"eu\",\"potentialAction\":[{\"@type\":\"ReadAction\",\"target\":[\"https:\\\/\\\/reformasjumie.com\\\/\"]}]},{\"@type\":\"ImageObject\",\"inLanguage\":\"eu\",\"@id\":\"https:\\\/\\\/reformasjumie.com\\\/#primaryimage\",\"url\":\"https:\\\/\\\/reformasjumie.com\\\/wp-content\\\/uploads\\\/2024\\\/04\\\/new-kitchen-renovation-process.jpg\",\"contentUrl\":\"https:\\\/\\\/reformasjumie.com\\\/wp-content\\\/uploads\\\/2024\\\/04\\\/new-kitchen-renovation-process.jpg\"},{\"@type\":\"BreadcrumbList\",\"@id\":\"https:\\\/\\\/reformasjumie.com\\\/#breadcrumb\",\"itemListElement\":[{\"@type\":\"ListItem\",\"position\":1,\"name\":\"Portada\",\"item\":\"https:\\\/\\\/reformasjumie.com\\\/\"},{\"@type\":\"ListItem\",\"position\":2,\"name\":\"Inicio\"}]},{\"@type\":\"WebSite\",\"@id\":\"https:\\\/\\\/reformasjumie.com\\\/#website\",\"url\":\"https:\\\/\\\/reformasjumie.com\\\/\",\"name\":\"J Ni\u00f1o\",\"description\":\"\",\"publisher\":{\"@id\":\"https:\\\/\\\/reformasjumie.com\\\/#organization\"},\"potentialAction\":[{\"@type\":\"SearchAction\",\"target\":{\"@type\":\"EntryPoint\",\"urlTemplate\":\"https:\\\/\\\/reformasjumie.com\\\/?s={search_term_string}\"},\"query-input\":{\"@type\":\"PropertyValueSpecification\",\"valueRequired\":true,\"valueName\":\"search_term_string\"}}],\"inLanguage\":\"eu\"},{\"@type\":\"Organization\",\"@id\":\"https:\\\/\\\/reformasjumie.com\\\/#organization\",\"name\":\"J Ni\u00f1o\",\"url\":\"https:\\\/\\\/reformasjumie.com\\\/\",\"logo\":{\"@type\":\"ImageObject\",\"inLanguage\":\"eu\",\"@id\":\"https:\\\/\\\/reformasjumie.com\\\/#\\\/schema\\\/logo\\\/image\\\/\",\"url\":\"https:\\\/\\\/reformasjumie.com\\\/wp-content\\\/uploads\\\/2024\\\/04\\\/cropped-Jacinto_Mesa-de-trabajo-1.png\",\"contentUrl\":\"https:\\\/\\\/reformasjumie.com\\\/wp-content\\\/uploads\\\/2024\\\/04\\\/cropped-Jacinto_Mesa-de-trabajo-1.png\",\"width\":1920,\"height\":331,\"caption\":\"J Ni\u00f1o\"},\"image\":{\"@id\":\"https:\\\/\\\/reformasjumie.com\\\/#\\\/schema\\\/logo\\\/image\\\/\"}}]}<\/script>\n<!-- \/ Yoast SEO plugin. -->","yoast_head_json":{"title":"Inicio - J Ni\u00f1o","robots":{"index":"index","follow":"follow","max-snippet":"max-snippet:-1","max-image-preview":"max-image-preview:large","max-video-preview":"max-video-preview:-1"},"canonical":"https:\/\/reformasjumie.com\/eus\/","og_locale":"en_US","og_type":"article","og_title":"Inicio - J Ni\u00f1o","og_description":"Transformando tu hogar, desde cocinas a ba\u00f1os y m\u00e1s all\u00e1: Nuestro trabajo, tu tranquilidad Sobre nosotros Llevamos 28 a\u00f1os en el mercado reformando interiores de pisos y somos l\u00edderes gracias a nuestra dedicaci\u00f3n y compromiso con los clientes. Ofrecemos servicios personalizados y creativos para satisfacer todas las necesidades. Nuestro equipo de expertos trabaja de manera [&hellip;]","og_url":"https:\/\/reformasjumie.com\/eus\/","og_site_name":"J Ni\u00f1o","article_modified_time":"2024-04-12T15:42:50+00:00","og_image":[{"url":"https:\/\/reformasjumie.com\/wp-content\/uploads\/2024\/04\/new-kitchen-renovation-process.jpg","type":"","width":"","height":""}],"twitter_card":"summary_large_image","twitter_misc":{"Est. reading time":"1 minutua"},"schema":{"@context":"https:\/\/schema.org","@graph":[{"@type":"WebPage","@id":"https:\/\/reformasjumie.com\/","url":"https:\/\/reformasjumie.com\/","name":"Inicio - J Ni\u00f1o","isPartOf":{"@id":"https:\/\/reformasjumie.com\/#website"},"primaryImageOfPage":{"@id":"https:\/\/reformasjumie.com\/#primaryimage"},"image":{"@id":"https:\/\/reformasjumie.com\/#primaryimage"},"thumbnailUrl":"https:\/\/reformasjumie.com\/wp-content\/uploads\/2024\/04\/new-kitchen-renovation-process.jpg","datePublished":"2024-04-11T09:12:05+00:00","dateModified":"2024-04-12T15:42:50+00:00","breadcrumb":{"@id":"https:\/\/reformasjumie.com\/#breadcrumb"},"inLanguage":"eu","potentialAction":[{"@type":"ReadAction","target":["https:\/\/reformasjumie.com\/"]}]},{"@type":"ImageObject","inLanguage":"eu","@id":"https:\/\/reformasjumie.com\/#primaryimage","url":"https:\/\/reformasjumie.com\/wp-content\/uploads\/2024\/04\/new-kitchen-renovation-process.jpg","contentUrl":"https:\/\/reformasjumie.com\/wp-content\/uploads\/2024\/04\/new-kitchen-renovation-process.jpg"},{"@type":"BreadcrumbList","@id":"https:\/\/reformasjumie.com\/#breadcrumb","itemListElement":[{"@type":"ListItem","position":1,"name":"Portada","item":"https:\/\/reformasjumie.com\/"},{"@type":"ListItem","position":2,"name":"Inicio"}]},{"@type":"WebSite","@id":"https:\/\/reformasjumie.com\/#website","url":"https:\/\/reformasjumie.com\/","name":"J Ni\u00f1o","description":"","publisher":{"@id":"https:\/\/reformasjumie.com\/#organization"},"potentialAction":[{"@type":"SearchAction","target":{"@type":"EntryPoint","urlTemplate":"https:\/\/reformasjumie.com\/?s={search_term_string}"},"query-input":{"@type":"PropertyValueSpecification","valueRequired":true,"valueName":"search_term_string"}}],"inLanguage":"eu"},{"@type":"Organization","@id":"https:\/\/reformasjumie.com\/#organization","name":"J Ni\u00f1o","url":"https:\/\/reformasjumie.com\/","logo":{"@type":"ImageObject","inLanguage":"eu","@id":"https:\/\/reformasjumie.com\/#\/schema\/logo\/image\/","url":"https:\/\/reformasjumie.com\/wp-content\/uploads\/2024\/04\/cropped-Jacinto_Mesa-de-trabajo-1.png","contentUrl":"https:\/\/reformasjumie.com\/wp-content\/uploads\/2024\/04\/cropped-Jacinto_Mesa-de-trabajo-1.png","width":1920,"height":331,"caption":"J Ni\u00f1o"},"image":{"@id":"https:\/\/reformasjumie.com\/#\/schema\/logo\/image\/"}}]}},"_links":{"self":[{"href":"https:\/\/reformasjumie.com\/eus\/wp-json\/wp\/v2\/pages\/2","targetHints":{"allow":["GET"]}}],"collection":[{"href":"https:\/\/reformasjumie.com\/eus\/wp-json\/wp\/v2\/pages"}],"about":[{"href":"https:\/\/reformasjumie.com\/eus\/wp-json\/wp\/v2\/types\/page"}],"author":[{"embeddable":true,"href":"https:\/\/reformasjumie.com\/eus\/wp-json\/wp\/v2\/users\/1"}],"replies":[{"embeddable":true,"href":"https:\/\/reformasjumie.com\/eus\/wp-json\/wp\/v2\/comments?post=2"}],"version-history":[{"count":37,"href":"https:\/\/reformasjumie.com\/eus\/wp-json\/wp\/v2\/pages\/2\/revisions"}],"predecessor-version":[{"id":310,"href":"https:\/\/reformasjumie.com\/eus\/wp-json\/wp\/v2\/pages\/2\/revisions\/310"}],"wp:attachment":[{"href":"https:\/\/reformasjumie.com\/eus\/wp-json\/wp\/v2\/media?parent=2"}],"curies":[{"name":"wp","href":"https:\/\/api.w.org\/{rel}","templated":true}]}}